{"id":462,"date":"2020-11-26T17:21:23","date_gmt":"2020-11-26T16:21:23","guid":{"rendered":"http:\/\/takeadive.net\/?page_id=462"},"modified":"2021-03-22T16:59:17","modified_gmt":"2021-03-22T15:59:17","slug":"about-me","status":"publish","type":"page","link":"http:\/\/takeadive.net\/?page_id=462","title":{"rendered":"About me"},"content":{"rendered":"\t\t<div data-elementor-type=\"wp-page\" data-elementor-id=\"462\" class=\"elementor elementor-462\">\n\t\t\t\t\t\t<div class=\"elementor-inner\">\n\t\t\t\t<div class=\"elementor-section-wrap\">\n\t\t\t\t\t\t\t\t\t<section class=\"elementor-section elementor-top-section elementor-element elementor-element-326ba9c elementor-section-boxed elementor-section-height-default elementor-section-height-default\" data-id=\"326ba9c\" data-element_type=\"section\">\n\t\t\t\t\t\t<div class=\"elementor-container elementor-column-gap-default\">\n\t\t\t\t\t\t\t<div class=\"elementor-row\">\n\t\t\t\t\t<div class=\"elementor-column elementor-col-50 elementor-top-column elementor-element elementor-element-e894e4c\" data-id=\"e894e4c\" data-element_type=\"column\">\n\t\t\t<div class=\"elementor-column-wrap elementor-element-populated\">\n\t\t\t\t\t\t\t<div class=\"elementor-widget-wrap\">\n\t\t\t\t\t\t<div class=\"elementor-element elementor-element-d4926b9 elementor-widget elementor-widget-text-editor\" data-id=\"d4926b9\" data-element_type=\"widget\" data-widget_type=\"text-editor.default\">\n\t\t\t\t<div class=\"elementor-widget-container\">\n\t\t\t\t\t\t\t\t<div class=\"elementor-text-editor elementor-clearfix\">\n\t\t\t\t<h3>\u00a0<\/h3><h2>\u00dcber mich<\/h2><p>als geb\u00fcrtiger Regensburger verbrachte ich meine jungen Jahre um und in Regensburg, wo meine ersten ernstzunehmenden, kreativen Arbeiten als Ergebnisse meines <b><a href=\"http:\/\/takeadive.net\/?page_id=550\">Schulbesuchs <\/a><\/b>auf dem Gymnasium zusammen mit meinem Freund Peter entstanden.<br \/>\u00a0\u00a0\u00a0\u00a0\u00a0\u00a0\u00a0\u00a0\u00a0\u00a0\u00a0\u00a0\u00a0\u00a0\u00a0\u00a0\u00a0\u00a0\u00a0\u00a0\u00a0\u00a0\u00a0 ______________<\/p><p>as a native of Regensburg I spent my young years around and in Regensburg, where my first serious creative works turned out as a result of my school attendance in high school with my friend Peter.<\/p>\t\t\t\t\t<\/div>\n\t\t\t\t\t\t<\/div>\n\t\t\t\t<\/div>\n\t\t\t\t\t\t<\/div>\n\t\t\t\t\t<\/div>\n\t\t<\/div>\n\t\t\t\t<div class=\"elementor-column elementor-col-50 elementor-top-column elementor-element elementor-element-1463bc0\" data-id=\"1463bc0\" data-element_type=\"column\">\n\t\t\t<div class=\"elementor-column-wrap elementor-element-populated\">\n\t\t\t\t\t\t\t<div class=\"elementor-widget-wrap\">\n\t\t\t\t\t\t<div class=\"elementor-element elementor-element-4658125 elementor-widget elementor-widget-image\" data-id=\"4658125\" data-element_type=\"widget\" data-widget_type=\"image.default\">\n\t\t\t\t<div class=\"elementor-widget-container\">\n\t\t\t\t\t\t\t\t<div class=\"elementor-image\">\n\t\t\t\t\t\t\t\t\t\t\t\t<img width=\"724\" height=\"1024\" src=\"http:\/\/takeadive.net\/wp-content\/uploads\/2021\/01\/Kurtgedreht-724x1024.jpg\" class=\"attachment-large size-large\" alt=\"\" loading=\"lazy\" srcset=\"http:\/\/takeadive.net\/wp-content\/uploads\/2021\/01\/Kurtgedreht-724x1024.jpg 724w, http:\/\/takeadive.net\/wp-content\/uploads\/2021\/01\/Kurtgedreht-212x300.jpg 212w, http:\/\/takeadive.net\/wp-content\/uploads\/2021\/01\/Kurtgedreht-768x1086.jpg 768w, http:\/\/takeadive.net\/wp-content\/uploads\/2021\/01\/Kurtgedreht.jpg 794w\" sizes=\"(max-width: 724px) 100vw, 724px\" \/>\t\t\t\t\t\t\t\t\t\t\t\t\t\t<\/div>\n\t\t\t\t\t\t<\/div>\n\t\t\t\t<\/div>\n\t\t\t\t\t\t<\/div>\n\t\t\t\t\t<\/div>\n\t\t<\/div>\n\t\t\t\t\t\t\t\t<\/div>\n\t\t\t\t\t<\/div>\n\t\t<\/section>\n\t\t\t\t<section class=\"elementor-section elementor-top-section elementor-element elementor-element-bc6dbf8 elementor-section-boxed elementor-section-height-default elementor-section-height-default\" data-id=\"bc6dbf8\" data-element_type=\"section\">\n\t\t\t\t\t\t<div class=\"elementor-container elementor-column-gap-default\">\n\t\t\t\t\t\t\t<div class=\"elementor-row\">\n\t\t\t\t\t<div class=\"elementor-column elementor-col-33 elementor-top-column elementor-element elementor-element-9510eea\" data-id=\"9510eea\" data-element_type=\"column\">\n\t\t\t<div class=\"elementor-column-wrap elementor-element-populated\">\n\t\t\t\t\t\t\t<div class=\"elementor-widget-wrap\">\n\t\t\t\t\t\t<div class=\"elementor-element elementor-element-30de4ad elementor-widget elementor-widget-text-editor\" data-id=\"30de4ad\" data-element_type=\"widget\" data-widget_type=\"text-editor.default\">\n\t\t\t\t<div class=\"elementor-widget-container\">\n\t\t\t\t\t\t\t\t<div class=\"elementor-text-editor elementor-clearfix\">\n\t\t\t\t<p>in den 90er Jahren kam ein Freund aus Berlin auf mich zu und meinte, er br\u00e4uchte mal einen Tapetenwechsel, ob wir nicht f\u00fcr 4 Wochen die Wohnung tauschen k\u00f6nnten.<br>So kam ich nach Berlin.&nbsp;&nbsp;&nbsp;&nbsp;&nbsp;&nbsp;&nbsp;&nbsp;&nbsp;&nbsp;&nbsp;&nbsp;&nbsp;&nbsp;&nbsp;&nbsp;&nbsp; <br>&nbsp;&nbsp;&nbsp;&nbsp;&nbsp;&nbsp;&nbsp;&nbsp;&nbsp;&nbsp;&nbsp;&nbsp;&nbsp; &nbsp; &nbsp; &nbsp; &nbsp;&nbsp; ______________<\/p>\n<p><span class=\"VIiyi\" lang=\"en\"><span class=\"JLqJ4b ChMk0b\" data-language-for-alternatives=\"en\" data-language-to-translate-into=\"auto\" data-phrase-index=\"0\">in the 90s a friend from Berlin approached me and said he needs a change of scenery, if is it possible to change the apartment for 4 weeks.<br>That&#8217;s how I came to Berlin.<br><\/span><\/span><\/p>\t\t\t\t\t<\/div>\n\t\t\t\t\t\t<\/div>\n\t\t\t\t<\/div>\n\t\t\t\t\t\t<\/div>\n\t\t\t\t\t<\/div>\n\t\t<\/div>\n\t\t\t\t<div class=\"elementor-column elementor-col-66 elementor-top-column elementor-element elementor-element-1e05edf\" data-id=\"1e05edf\" data-element_type=\"column\">\n\t\t\t<div class=\"elementor-column-wrap elementor-element-populated\">\n\t\t\t\t\t\t\t<div class=\"elementor-widget-wrap\">\n\t\t\t\t\t\t<div class=\"elementor-element elementor-element-54076c4 elementor-widget elementor-widget-image\" data-id=\"54076c4\" data-element_type=\"widget\" data-widget_type=\"image.default\">\n\t\t\t\t<div class=\"elementor-widget-container\">\n\t\t\t\t\t\t\t\t<div class=\"elementor-image\">\n\t\t\t\t\t\t\t\t\t\t\t\t<img width=\"730\" height=\"498\" src=\"http:\/\/takeadive.net\/wp-content\/uploads\/2020\/11\/Im-Bus-compressed-e1606925978823-1024x699.jpg\" class=\"attachment-large size-large\" alt=\"\" loading=\"lazy\" srcset=\"http:\/\/takeadive.net\/wp-content\/uploads\/2020\/11\/Im-Bus-compressed-e1606925978823-1024x699.jpg 1024w, http:\/\/takeadive.net\/wp-content\/uploads\/2020\/11\/Im-Bus-compressed-e1606925978823-300x205.jpg 300w, http:\/\/takeadive.net\/wp-content\/uploads\/2020\/11\/Im-Bus-compressed-e1606925978823-768x524.jpg 768w, http:\/\/takeadive.net\/wp-content\/uploads\/2020\/11\/Im-Bus-compressed-e1606925978823-1536x1049.jpg 1536w, http:\/\/takeadive.net\/wp-content\/uploads\/2020\/11\/Im-Bus-compressed-e1606925978823.jpg 1863w\" sizes=\"(max-width: 730px) 100vw, 730px\" \/>\t\t\t\t\t\t\t\t\t\t\t\t\t\t<\/div>\n\t\t\t\t\t\t<\/div>\n\t\t\t\t<\/div>\n\t\t\t\t\t\t<\/div>\n\t\t\t\t\t<\/div>\n\t\t<\/div>\n\t\t\t\t\t\t\t\t<\/div>\n\t\t\t\t\t<\/div>\n\t\t<\/section>\n\t\t\t\t\t\t\t\t\t<\/div>\n\t\t\t<\/div>\n\t\t\t\t\t<\/div>\n\t\t","protected":false},"excerpt":{"rendered":"<p>\u00a0 \u00dcber mich als geb\u00fcrtiger Regensburger verbrachte ich meine jungen Jahre um und in Regensburg, wo meine ersten ernstzunehmenden, kreativen Arbeiten als Ergebnisse meines Schulbesuchs auf dem Gymnasium zusammen mit meinem Freund Peter entstanden.\u00a0\u00a0\u00a0\u00a0\u00a0\u00a0\u00a0\u00a0\u00a0\u00a0\u00a0\u00a0\u00a0\u00a0\u00a0\u00a0\u00a0\u00a0\u00a0\u00a0\u00a0\u00a0\u00a0 ______________ as a native of Regensburg I spent my young years around and in Regensburg, where&#8230; <a href=\"http:\/\/takeadive.net\/?page_id=462\" class=\"readmore\">Read more<span class=\"screen-reader-text\">&#8222;About me&#8220;<\/span><\/a><\/p>\n","protected":false},"author":1,"featured_media":0,"parent":0,"menu_order":0,"comment_status":"closed","ping_status":"closed","template":"","meta":{"ngg_post_thumbnail":0},"_links":{"self":[{"href":"http:\/\/takeadive.net\/index.php?rest_route=\/wp\/v2\/pages\/462"}],"collection":[{"href":"http:\/\/takeadive.net\/index.php?rest_route=\/wp\/v2\/pages"}],"about":[{"href":"http:\/\/takeadive.net\/index.php?rest_route=\/wp\/v2\/types\/page"}],"author":[{"embeddable":true,"href":"http:\/\/takeadive.net\/index.php?rest_route=\/wp\/v2\/users\/1"}],"replies":[{"embeddable":true,"href":"http:\/\/takeadive.net\/index.php?rest_route=%2Fwp%2Fv2%2Fcomments&post=462"}],"version-history":[{"count":56,"href":"http:\/\/takeadive.net\/index.php?rest_route=\/wp\/v2\/pages\/462\/revisions"}],"predecessor-version":[{"id":711,"href":"http:\/\/takeadive.net\/index.php?rest_route=\/wp\/v2\/pages\/462\/revisions\/711"}],"wp:attachment":[{"href":"http:\/\/takeadive.net\/index.php?rest_route=%2Fwp%2Fv2%2Fmedia&parent=462"}],"curies":[{"name":"wp","href":"https:\/\/api.w.org\/{rel}","templated":true}]}}