{"id":435,"date":"2020-11-19T18:46:18","date_gmt":"2020-11-19T17:46:18","guid":{"rendered":"http:\/\/takeadive.net\/?page_id=435"},"modified":"2020-11-19T19:17:52","modified_gmt":"2020-11-19T18:17:52","slug":"artkreuzberg","status":"publish","type":"page","link":"http:\/\/takeadive.net\/?page_id=435","title":{"rendered":"ArtKreuzberg"},"content":{"rendered":"\n<p>Seit 2010 findet jedes Jahr im September der Kreuzberger Galerierundgang statt. Ein Wochenende haben (fast) alle Galerien in Kreuzberg bis sp\u00e4t in die Nacht ge\u00f6ffnet und die K\u00fcnstler sind anwesend.<\/p>\n\n\n\n<p>Die jeweiligen Termine werden zeitig im Internet ver\u00f6ffentlicht.<\/p>\n\n\n\n<hr class=\"wp-block-separator\"\/>\n\n\n\n<p>The Kreuzberg gallery tour has been taking place every September since 2010. For one weekend (almost) all galleries in Kreuzberg are open until late at night and the artists are present.<\/p>\n\n\n\n<p>The respective dates will be published on the Internet in good time.<\/p>\n\n\n\n<figure class=\"wp-block-image size-large\"><img loading=\"lazy\" width=\"485\" height=\"1024\" src=\"http:\/\/takeadive.net\/wp-content\/uploads\/2020\/11\/Flyer-compressed-485x1024.jpg\" alt=\"\" class=\"wp-image-434\" srcset=\"http:\/\/takeadive.net\/wp-content\/uploads\/2020\/11\/Flyer-compressed-485x1024.jpg 485w, http:\/\/takeadive.net\/wp-content\/uploads\/2020\/11\/Flyer-compressed-142x300.jpg 142w, http:\/\/takeadive.net\/wp-content\/uploads\/2020\/11\/Flyer-compressed-768x1621.jpg 768w, http:\/\/takeadive.net\/wp-content\/uploads\/2020\/11\/Flyer-compressed-728x1536.jpg 728w, http:\/\/takeadive.net\/wp-content\/uploads\/2020\/11\/Flyer-compressed-970x2048.jpg 970w, http:\/\/takeadive.net\/wp-content\/uploads\/2020\/11\/Flyer-compressed.jpg 1167w\" sizes=\"(max-width: 485px) 100vw, 485px\" \/><\/figure>\n","protected":false},"excerpt":{"rendered":"<p>Seit 2010 findet jedes Jahr im September der Kreuzberger Galerierundgang statt. Ein Wochenende haben (fast) alle Galerien in Kreuzberg bis sp\u00e4t in die Nacht ge\u00f6ffnet und die K\u00fcnstler sind anwesend. Die jeweiligen Termine werden zeitig im Internet ver\u00f6ffentlicht. The Kreuzberg gallery tour has been taking place every September since 2010&#8230;. <a href=\"http:\/\/takeadive.net\/?page_id=435\" class=\"readmore\">Read more<span class=\"screen-reader-text\">&#8222;ArtKreuzberg&#8220;<\/span><\/a><\/p>\n","protected":false},"author":1,"featured_media":0,"parent":0,"menu_order":0,"comment_status":"closed","ping_status":"closed","template":"","meta":{"ngg_post_thumbnail":0},"_links":{"self":[{"href":"http:\/\/takeadive.net\/index.php?rest_route=\/wp\/v2\/pages\/435"}],"collection":[{"href":"http:\/\/takeadive.net\/index.php?rest_route=\/wp\/v2\/pages"}],"about":[{"href":"http:\/\/takeadive.net\/index.php?rest_route=\/wp\/v2\/types\/page"}],"author":[{"embeddable":true,"href":"http:\/\/takeadive.net\/index.php?rest_route=\/wp\/v2\/users\/1"}],"replies":[{"embeddable":true,"href":"http:\/\/takeadive.net\/index.php?rest_route=%2Fwp%2Fv2%2Fcomments&post=435"}],"version-history":[{"count":6,"href":"http:\/\/takeadive.net\/index.php?rest_route=\/wp\/v2\/pages\/435\/revisions"}],"predecessor-version":[{"id":447,"href":"http:\/\/takeadive.net\/index.php?rest_route=\/wp\/v2\/pages\/435\/revisions\/447"}],"wp:attachment":[{"href":"http:\/\/takeadive.net\/index.php?rest_route=%2Fwp%2Fv2%2Fmedia&parent=435"}],"curies":[{"name":"wp","href":"https:\/\/api.w.org\/{rel}","templated":true}]}}