{"id":124,"date":"2020-10-11T15:37:10","date_gmt":"2020-10-11T14:37:10","guid":{"rendered":"http:\/\/takeadive.net\/?page_id=124"},"modified":"2020-11-03T18:27:13","modified_gmt":"2020-11-03T17:27:13","slug":"impressum","status":"publish","type":"page","link":"http:\/\/takeadive.net\/?page_id=124","title":{"rendered":"Impressum"},"content":{"rendered":"\t\t<div data-elementor-type=\"wp-page\" data-elementor-id=\"124\" class=\"elementor elementor-124\">\n\t\t\t\t\t\t<div class=\"elementor-inner\">\n\t\t\t\t<div class=\"elementor-section-wrap\">\n\t\t\t\t\t\t\t\t\t<section class=\"elementor-section elementor-top-section elementor-element elementor-element-bc5b41c elementor-section-boxed elementor-section-height-default elementor-section-height-default\" data-id=\"bc5b41c\" data-element_type=\"section\">\n\t\t\t\t\t\t<div class=\"elementor-container elementor-column-gap-default\">\n\t\t\t\t\t\t\t<div class=\"elementor-row\">\n\t\t\t\t\t<div class=\"elementor-column elementor-col-100 elementor-top-column elementor-element elementor-element-a39a44e\" data-id=\"a39a44e\" data-element_type=\"column\">\n\t\t\t<div class=\"elementor-column-wrap elementor-element-populated\">\n\t\t\t\t\t\t\t<div class=\"elementor-widget-wrap\">\n\t\t\t\t\t\t<div class=\"elementor-element elementor-element-8c8ca12 elementor-widget elementor-widget-text-editor\" data-id=\"8c8ca12\" data-element_type=\"widget\" data-widget_type=\"text-editor.default\">\n\t\t\t\t<div class=\"elementor-widget-container\">\n\t\t\t\t\t\t\t\t<div class=\"elementor-text-editor elementor-clearfix\">\n\t\t\t\t<p>Alle Bilder auf dieser Webseite sind urheberrechtlich gesch\u00fctzt und d\u00fcrfen nicht ohne Erlaubnis des K\u00fcnstlers verwendet werden<\/p>\n<p>All pictures in this homepage are copyright protected and may be not used without permission of the painter<\/p>\n<div class=\"source_url_spacer\">&nbsp;<\/div>\t\t\t\t\t<\/div>\n\t\t\t\t\t\t<\/div>\n\t\t\t\t<\/div>\n\t\t\t\t\t\t<\/div>\n\t\t\t\t\t<\/div>\n\t\t<\/div>\n\t\t\t\t\t\t\t\t<\/div>\n\t\t\t\t\t<\/div>\n\t\t<\/section>\n\t\t\t\t<section class=\"elementor-section elementor-top-section elementor-element elementor-element-90efdfc elementor-section-boxed elementor-section-height-default elementor-section-height-default\" data-id=\"90efdfc\" data-element_type=\"section\">\n\t\t\t\t\t\t<div class=\"elementor-container elementor-column-gap-default\">\n\t\t\t\t\t\t\t<div class=\"elementor-row\">\n\t\t\t\t\t<div class=\"elementor-column elementor-col-100 elementor-top-column elementor-element elementor-element-7880c9f\" data-id=\"7880c9f\" data-element_type=\"column\">\n\t\t\t<div class=\"elementor-column-wrap elementor-element-populated\">\n\t\t\t\t\t\t\t<div class=\"elementor-widget-wrap\">\n\t\t\t\t\t\t<div class=\"elementor-element elementor-element-ff66b7d elementor-widget elementor-widget-text-editor\" data-id=\"ff66b7d\" data-element_type=\"widget\" data-widget_type=\"text-editor.default\">\n\t\t\t\t<div class=\"elementor-widget-container\">\n\t\t\t\t\t\t\t\t<div class=\"elementor-text-editor elementor-clearfix\">\n\t\t\t\t<div id=\"1078611269\" class=\"dmRespRow\"><div id=\"1387496237\" class=\"dmRespColsWrapper\"><div id=\"1100513632\" class=\"dmRespCol large-12 medium-12 small-12\"><p class=\"u_1381709675 dmNewParagraph\" data-inject=\"impressum-paragraphTitle2\" data-uialign=\"center\" data-element-type=\"paragraph\" data-styletopreserve=\"{\"><span class=\"font-size-30 lh-1\" style=\"color: #000000;\">Angaben gem\u00e4\u00df \u00a7 5 TMG<\/span><\/p><p class=\"u_1973022209 dmNewParagraph\" data-inject=\"impressum-paragraphTitle2\" data-uialign=\"center\" data-element-type=\"paragraph\"><span class=\"lh-1 font-size-26\" style=\"color: #000000;\">Verantwortlich f\u00fcr den Inhalt dieser Internetseite nach \u00a755 Abs. 2 RStV:<\/span><\/p><p>Galerie TAKE A DIVE<br \/>Kurt Schwarzmeier<br \/>Solmsstr. 19<br \/>10961 Berlin<\/p><\/div><\/div><\/div><div id=\"1118489846\" class=\"dmRespRow dmDefaultListContentRow u_1118489846\"><div id=\"1389500289\" class=\"dmRespColsWrapper\"><div id=\"1541071863\" class=\"large-12 medium-12 small-12 dmRespCol\"><div id=\"1242833016\" class=\"u_1242833016 dmNewParagraph\" data-inject=\"impressum-paragraphText1\" data-uialign=\"center\" data-dmtmpl=\"true\" data-styletopreserve=\"{\"><p>Email:\u00a0\u00a0 mail@takeadive.net<\/p><\/div><\/div><\/div><\/div><div>\u00a0<\/div>\t\t\t\t\t<\/div>\n\t\t\t\t\t\t<\/div>\n\t\t\t\t<\/div>\n\t\t\t\t\t\t<\/div>\n\t\t\t\t\t<\/div>\n\t\t<\/div>\n\t\t\t\t\t\t\t\t<\/div>\n\t\t\t\t\t<\/div>\n\t\t<\/section>\n\t\t\t\t\t\t\t\t\t<\/div>\n\t\t\t<\/div>\n\t\t\t\t\t<\/div>\n\t\t","protected":false},"excerpt":{"rendered":"<p>Alle Bilder auf dieser Webseite sind urheberrechtlich gesch\u00fctzt und d\u00fcrfen nicht ohne Erlaubnis des K\u00fcnstlers verwendet werden All pictures in this homepage are copyright protected and may be not used without permission of the painter &nbsp; Angaben gem\u00e4\u00df \u00a7 5 TMG Verantwortlich f\u00fcr den Inhalt dieser Internetseite nach \u00a755 Abs&#8230;. <a href=\"http:\/\/takeadive.net\/?page_id=124\" class=\"readmore\">Read more<span class=\"screen-reader-text\">&#8222;Impressum&#8220;<\/span><\/a><\/p>\n","protected":false},"author":1,"featured_media":0,"parent":0,"menu_order":0,"comment_status":"closed","ping_status":"closed","template":"","meta":{"ngg_post_thumbnail":0},"_links":{"self":[{"href":"http:\/\/takeadive.net\/index.php?rest_route=\/wp\/v2\/pages\/124"}],"collection":[{"href":"http:\/\/takeadive.net\/index.php?rest_route=\/wp\/v2\/pages"}],"about":[{"href":"http:\/\/takeadive.net\/index.php?rest_route=\/wp\/v2\/types\/page"}],"author":[{"embeddable":true,"href":"http:\/\/takeadive.net\/index.php?rest_route=\/wp\/v2\/users\/1"}],"replies":[{"embeddable":true,"href":"http:\/\/takeadive.net\/index.php?rest_route=%2Fwp%2Fv2%2Fcomments&post=124"}],"version-history":[{"count":16,"href":"http:\/\/takeadive.net\/index.php?rest_route=\/wp\/v2\/pages\/124\/revisions"}],"predecessor-version":[{"id":346,"href":"http:\/\/takeadive.net\/index.php?rest_route=\/wp\/v2\/pages\/124\/revisions\/346"}],"wp:attachment":[{"href":"http:\/\/takeadive.net\/index.php?rest_route=%2Fwp%2Fv2%2Fmedia&parent=124"}],"curies":[{"name":"wp","href":"https:\/\/api.w.org\/{rel}","templated":true}]}}